{"id":21,"date":"2018-02-27T20:20:38","date_gmt":"2018-02-27T20:20:38","guid":{"rendered":"https:\/\/www.carlosamaraldisd.pt\/?page_id=21"},"modified":"2019-01-16T09:18:50","modified_gmt":"2019-01-16T09:18:50","slug":"biografia","status":"publish","type":"page","link":"https:\/\/carlosamaraldias.pt\/?page_id=21","title":{"rendered":"Biografia"},"content":{"rendered":"<p><strong>Carlos Augusto Amaral Dias<\/strong><\/p>\n<p>Nasceu em Coimbra,a 26 de agosto de 1946<\/p>\n<p><strong>FORMA\u00c7\u00c3O ACAD\u00c9MICA:<\/strong><br \/>\nLicenciado em Medicina<br \/>\nDoutor em Psicologia Cl\u00ednica e Agregado em Psican\u00e1lise pela Universidade de Coimbra e em Medicina pela Universidade do Porto.<\/p>\n<p>ACTIVIDADE PROFISSIONAL:<\/p>\n<ul>\n<li>Ex-Professor Catedr\u00e1tico na Universidade de Coimbra e Instituto Superior de Psicologia Aplicada de Lisboa;<\/li>\n<li>Professor Catedr\u00e1tico Convidado do ICBAS (Universidade do Porto) no Doutoramento em Sa\u00fade Mental;<\/li>\n<li>Director do Instituto Superior Miguel Torga;<\/li>\n<li>Ex-membro do Conselho de Redac\u00e7\u00e3o do International Journal e da International Review of Psychoanalysys;<\/li>\n<li>Presidente da Sociedade Portuguesa de Psican\u00e1lise no quadri\u00e9nio 1996\/2000;<\/li>\n<li>Ex-Presidente da Comiss\u00e3o de Ensino da Sociedade Portuguesa de Psican\u00e1lise;<\/li>\n<li>Professor visitante da Winsconsin International University e da Universidade Luterana do Brasil, de 1998 a 2000;<\/li>\n<li>Presidente da Comiss\u00e3o de Ensino da Associa\u00e7\u00e3o Portuguesa de Psican\u00e1lise e Psicoterapia Psicanal\u00edtica, at\u00e9 2015;<\/li>\n<li>Presidente Honor\u00e1rio da Associa\u00e7\u00e3o Portuguesa de Psican\u00e1lise e Psicoterapia Psicanal\u00edtica, desde 2016;<\/li>\n<li>Autor de cerca de 150 artigos e 20 livros, alguns dos quais publicados em Fran\u00e7a, Canad\u00e1 e Espanha, nomeadamente:\n<ul>\n<li>O Que se Mexe a Parar: Estudos Sobre a Droga. Porto, Afrontamento, 1979<\/li>\n<li>Espa\u00e7o e Rela\u00e7\u00e3o Terap\u00eautica. Coimbra Editora, 1983<\/li>\n<li>A Depress\u00e3o no Adolescente. Em Colabora\u00e7\u00e3o com Teresa Nunes Vicente. Porto, Afrontamento, 1984<\/li>\n<li>Para uma Psican\u00e1lise da rela\u00e7\u00e3o. Porto, Ed.Afrontamento, 1988<\/li>\n<li>Eu j\u00e1 Posso Imaginar Que Fa\u00e7o. Em colabora\u00e7\u00e3o com Jo\u00e3o Sousa Monteiro. Lisboa, Ass\u00edrio &amp; Alvim, 1988<\/li>\n<li>Ali Bab\u00e1-Droga: Uma Neurose Diab\u00f3lica do S\u00e9culo Vinte. Lisboa, Escher, 1991<\/li>\n<li>Aventuras de Ali-Bab\u00e1 nos T\u00famulos de Ur. Lisboa, Escher, 1992<\/li>\n<li>S\u00f3 Deus em Mim se Op\u00f5e a Deus. Lisboa, Escher, 1993<\/li>\n<li>Palcos do Imagin\u00e1rio-Textos Psicodram\u00e1ticos. Lisboa, Fenda, 1993<\/li>\n<li>La Fonction Contenante de L\u2019Analyste. Com a colabora\u00e7\u00e3o de Manuela Fleming. Bulletin de la Soci\u00e9t\u00e9 Psychanalytique de Paris n\u00ba. 31, pag.1\/132, Paris, 1994<\/li>\n<li>A Ascens\u00e3o e Queda dos Psicoterapeutas. Lisboa, Fenda, 1995<\/li>\n<li>A Re-pensar. Porto, Afrontamento, 1995<\/li>\n<li>Avenida de Ceuta n\u00ba. 1. Em colabora\u00e7\u00e3o com Fernando Alves. Lisboa Rel\u00f3gio D\u2019\u00c1gua. 1997<\/li>\n<li>Tabela para uma Nebulosa. Lisboa, Fim de S\u00e9culo, 1997<\/li>\n<li>A Psican\u00e1lise em Tempos de Mudan\u00e7a. Em colabora\u00e7\u00e3o com Manuela Fleming. Porto, Afrontamento, 1998<\/li>\n<li>O Negativo ou o Retorno a Freud. Lisboa, Fim de S\u00e9culo, 1999<\/li>\n<li>Falas P\u00fablicas do Inconsciente. Coimbra, Quarteto, 2000<\/li>\n<li>Volto J\u00e1. Lisboa, Fim de S\u00e9culo, 2000<\/li>\n<li>Freud para Al\u00e9m de Freud. Lisboa, Fim de S\u00e9culo, 2000<\/li>\n<li>Da Interpreta\u00e7\u00e3o Psicanal\u00edtica. Lisboa, Analytica, 2001<\/li>\n<li>O Inferno Somos N\u00f3s. Em colabora\u00e7\u00e3o com Ana Bravo. Lisboa, Quetzal, 2003<\/li>\n<li>Modelos de Interpreta\u00e7\u00e3o em Psican\u00e1lise. Lisboa, Almedina, 2003<\/li>\n<li>Um Psicanalista no Expresso do Ocidente.Lisboa, Temas e Debates, 2003<\/li>\n<li>Costurando as Linhas da Psicopatologia Borderland (estados-limite). Lisboa, Climepsi, 2004<\/li>\n<li>Carne e Lugar, Coimbra, Admedina, 2009<\/li>\n<li>Teoria das Transforma\u00e7\u00f5es, Coimbra, Almedina, 2010<\/li>\n<li>O Obscuro Fio do Desejo. Em colabora\u00e7\u00e3o com Clara Pracana, Lisboa, Fim de S\u00e9culo, 2015<\/li>\n<li>Quando o estranho bate \u00e0 porta. Em colabora\u00e7\u00e3o com Clara Pracana, Lisboa, Climepsi Editores, 2016<\/li>\n<li><\/li>\n<\/ul>\n<\/li>\n<li>Exerce em privado como M\u00e9dico Psicanalista;<\/li>\n<li>Director Cl\u00ednico da Clinipinel-Clinica de Psiquiatria, Psicoterapia e Psican\u00e1lise, Lda<\/li>\n<li>Colaborou e\/ou colabora nos mais prestigiados \u00f3rg\u00e3os da comunica\u00e7\u00e3o social portuguesa, nomeadamente:\n<ul>\n<li>Jornais :\n<ul>\n<li>Expresso;<\/li>\n<li>Di\u00e1rio de Not\u00edcias;<\/li>\n<\/ul>\n<\/li>\n<li>R\u00e1dios :\n<ul>\n<li>TSF;<\/li>\n<li>Antena 1;<\/li>\n<\/ul>\n<\/li>\n<li>Televis\u00e3o :\n<ul>\n<li>Canal Sa\u00fade com uma presen\u00e7a permanente na cultura portuguesa.<\/li>\n<\/ul>\n<\/li>\n<\/ul>\n<\/li>\n<\/ul>\n","protected":false},"excerpt":{"rendered":"<p>Carlos Augusto Amaral Dias Nasceu em Coimbra,a 26 de agosto de 1946 FORMA\u00c7\u00c3O ACAD\u00c9MICA: Licenciado em Medicina Doutor em Psicologia Cl\u00ednica e Agregado em Psican\u00e1lise pela Universidade de Coimbra e em Medicina pela Universidade do Porto. ACTIVIDADE PROFISSIONAL: Ex-Professor Catedr\u00e1tico na Universidade de Coimbra e Instituto Superior de Psicologia Aplicada de Lisboa; Professor Catedr\u00e1tico Convidado [&hellip;]<\/p>\n","protected":false},"author":2,"featured_media":76,"parent":0,"menu_order":0,"comment_status":"closed","ping_status":"closed","template":"","meta":{"footnotes":""},"class_list":["post-21","page","type-page","status-publish","has-post-thumbnail","hentry"],"_links":{"self":[{"href":"https:\/\/carlosamaraldias.pt\/index.php?rest_route=\/wp\/v2\/pages\/21","targetHints":{"allow":["GET"]}}],"collection":[{"href":"https:\/\/carlosamaraldias.pt\/index.php?rest_route=\/wp\/v2\/pages"}],"about":[{"href":"https:\/\/carlosamaraldias.pt\/index.php?rest_route=\/wp\/v2\/types\/page"}],"author":[{"embeddable":true,"href":"https:\/\/carlosamaraldias.pt\/index.php?rest_route=\/wp\/v2\/users\/2"}],"replies":[{"embeddable":true,"href":"https:\/\/carlosamaraldias.pt\/index.php?rest_route=%2Fwp%2Fv2%2Fcomments&post=21"}],"version-history":[{"count":18,"href":"https:\/\/carlosamaraldias.pt\/index.php?rest_route=\/wp\/v2\/pages\/21\/revisions"}],"predecessor-version":[{"id":147,"href":"https:\/\/carlosamaraldias.pt\/index.php?rest_route=\/wp\/v2\/pages\/21\/revisions\/147"}],"wp:featuredmedia":[{"embeddable":true,"href":"https:\/\/carlosamaraldias.pt\/index.php?rest_route=\/wp\/v2\/media\/76"}],"wp:attachment":[{"href":"https:\/\/carlosamaraldias.pt\/index.php?rest_route=%2Fwp%2Fv2%2Fmedia&parent=21"}],"curies":[{"name":"wp","href":"https:\/\/api.w.org\/{rel}","templated":true}]}}